{"id":2,"date":"2016-05-31T22:30:30","date_gmt":"2016-05-31T20:30:30","guid":{"rendered":"http:\/\/www.zilles-design.de\/zilles\/?page_id=2"},"modified":"2016-09-02T11:49:25","modified_gmt":"2016-09-02T09:49:25","slug":"angebot-leistung","status":"publish","type":"page","link":"https:\/\/www.zilles-design.de\/zilles\/angebot-leistung\/","title":{"rendered":"Angebot &#038; Leistung"},"content":{"rendered":"<ul class=\"list-slash\">\n<li>Grafik Design <span class=\"green-slash\">\/<\/span> Corporate Design <span class=\"green-slash\">\/<\/span> Illustration <span class=\"green-slash\">\/<\/span> Fotografie <span class=\"green-slash\">\/<\/span> Web Design <span class=\"green-slash\">\/ <\/span>Konzeption <span class=\"green-slash\">\/<\/span> Beratung <span class=\"green-slash\">\/<\/span> Koordination <span class=\"green-slash\">\/<\/span> Produktionshandling<\/li>\n<\/ul>\n<ul class=\"list-slash\">\n<li>Flyer <span class=\"green-slash\">\/<\/span> Brosch\u00fcren <span class=\"green-slash\">\/<\/span> Expos\u00e9s <span class=\"green-slash\">\/<\/span> Kundenzeitungen <span class=\"green-slash\">\/<\/span> Gesch\u00e4ftsberichte <span class=\"green-slash\">\/<\/span> Kataloge <span class=\"green-slash\">\/<\/span> Imagebrosch\u00fcren <span class=\"green-slash\">\/<\/span> Visitenkarten <span class=\"green-slash\">\/<\/span> Gesch\u00e4ftsausstattungen <span class=\"green-slash\">\/<\/span> Einladungskarten <span class=\"green-slash\">\/<\/span> Kalender <span class=\"green-slash\">\/<\/span> Leitsysteme <span class=\"green-slash\">\/<\/span> Beschilderungen <span class=\"green-slash\">\/<\/span> Bauplanen <span class=\"green-slash\">\/<\/span> Fahrzeugbeschriftung <span class=\"green-slash\">\/<\/span> Messest\u00e4nde <span class=\"green-slash\">\/<\/span> Counter <span class=\"green-slash\">\/<\/span> Displays &#8230; und vieles mehr. Sprechen Sie mich an.<\/li>\n<\/ul>\n<ul class=\"list-slash\">\n<li>Durch ein gut funktionierendes Netzwerk mit Agenturen, anderen Freiberuflern und Subunternehmern, das auf Vertrauen und langj\u00e4hriger Zusammenarbeit basiert, biete ich qualitativ hochwertigen Komplettservice zu guten Preisen. Schnell und flexibel.<\/li>\n<li>Mit dem n\u00f6tigen Ernst und dem gr\u00f6\u00dftm\u00f6glichen Spa\u00df an der Sache.<\/li>\n<\/ul>\n","protected":false},"excerpt":{"rendered":"<p>Grafik Design \/ Corporate Design \/ Illustration \/ Fotografie \/ Web Design \/ Konzeption \/ Beratung \/ Koordination \/ Produktionshandling Flyer \/ Brosch\u00fcren \/ Expos\u00e9s \/ Kundenzeitungen \/ Gesch\u00e4ftsberichte \/ Kataloge \/ Imagebrosch\u00fcren \/ Visitenkarten \/ Gesch\u00e4ftsausstattungen \/ Einladungskarten \/ Kalender \/ Leitsysteme \/ Beschilderungen \/ Bauplanen \/ Fahrzeugbeschriftung \/ Messest\u00e4nde \/ Counter \/ Displays [&hellip;]<\/p>\n","protected":false},"author":1,"featured_media":0,"parent":0,"menu_order":0,"comment_status":"closed","ping_status":"open","template":"","meta":[],"_links":{"self":[{"href":"https:\/\/www.zilles-design.de\/zilles\/wp-json\/wp\/v2\/pages\/2"}],"collection":[{"href":"https:\/\/www.zilles-design.de\/zilles\/wp-json\/wp\/v2\/pages"}],"about":[{"href":"https:\/\/www.zilles-design.de\/zilles\/wp-json\/wp\/v2\/types\/page"}],"author":[{"embeddable":true,"href":"https:\/\/www.zilles-design.de\/zilles\/wp-json\/wp\/v2\/users\/1"}],"replies":[{"embeddable":true,"href":"https:\/\/www.zilles-design.de\/zilles\/wp-json\/wp\/v2\/comments?post=2"}],"version-history":[{"count":28,"href":"https:\/\/www.zilles-design.de\/zilles\/wp-json\/wp\/v2\/pages\/2\/revisions"}],"predecessor-version":[{"id":315,"href":"https:\/\/www.zilles-design.de\/zilles\/wp-json\/wp\/v2\/pages\/2\/revisions\/315"}],"wp:attachment":[{"href":"https:\/\/www.zilles-design.de\/zilles\/wp-json\/wp\/v2\/media?parent=2"}],"curies":[{"name":"wp","href":"https:\/\/api.w.org\/{rel}","templated":true}]}}